{"id":4712,"date":"2025-07-14T18:21:55","date_gmt":"2025-07-14T18:21:55","guid":{"rendered":"https:\/\/sigalsub.it\/?page_id=4712"},"modified":"2025-07-14T23:58:51","modified_gmt":"2025-07-14T23:58:51","slug":"tsunami","status":"publish","type":"page","link":"https:\/\/sigalsub.it\/es\/prodotti\/pinne\/tsunami\/","title":{"rendered":"Tsunami"},"content":{"rendered":"\t\t<div data-elementor-type=\"wp-post\" data-elementor-id=\"4712\" class=\"elementor elementor-4712\">\n\t\t\t\t\t\t\t<div class=\"elementor-element elementor-element-5b5d210b e-flex e-con-boxed e-con e-parent\" data-id=\"5b5d210b\" data-element_type=\"container\" data-settings=\"{&quot;container_type&quot;:&quot;flex&quot;,&quot;content_width&quot;:&quot;boxed&quot;}\" data-core-v316-plus=\"true\">\n\t\t\t\t\t<div class=\"e-con-inner\">\n\t\t\t\t<div class=\"elementor-element elementor-element-224b60ec elementor-widget elementor-widget-global elementor-global-1202 elementor-widget-breadcrumbs\" data-id=\"224b60ec\" data-element_type=\"widget\" data-widget_type=\"breadcrumbs.default\">\n\t\t\t\t<div class=\"elementor-widget-container\">\n\t\t\t<link rel=\"stylesheet\" href=\"https:\/\/sigalsub.it\/wp-content\/plugins\/elementor-pro\/assets\/css\/widget-theme-elements.min.css\"><p id=\"breadcrumbs\"><span><span><a href=\"https:\/\/sigalsub.it\/\">Home<\/a><\/span><\/span><\/p>\t\t<\/div>\n\t\t\t\t<\/div>\n\t\t\t\t\t<\/div>\n\t\t\t\t<\/div>\n\t\t<div class=\"elementor-element elementor-element-d244b28 e-grid e-con-boxed e-con e-child\" data-id=\"d244b28\" data-element_type=\"container\" data-settings=\"{&quot;container_type&quot;:&quot;grid&quot;,&quot;grid_columns_grid&quot;:{&quot;unit&quot;:&quot;custom&quot;,&quot;size&quot;:&quot;3fr 2fr&quot;,&quot;sizes&quot;:[]},&quot;grid_rows_grid&quot;:{&quot;unit&quot;:&quot;fr&quot;,&quot;size&quot;:1,&quot;sizes&quot;:[]},&quot;grid_columns_grid_tablet&quot;:{&quot;unit&quot;:&quot;custom&quot;,&quot;size&quot;:&quot;1fr&quot;,&quot;sizes&quot;:[]},&quot;grid_columns_grid_mobile&quot;:{&quot;unit&quot;:&quot;custom&quot;,&quot;size&quot;:&quot;1fr&quot;,&quot;sizes&quot;:[]},&quot;content_width&quot;:&quot;boxed&quot;,&quot;grid_outline&quot;:&quot;yes&quot;,&quot;grid_columns_grid_widescreen&quot;:{&quot;unit&quot;:&quot;fr&quot;,&quot;size&quot;:&quot;&quot;,&quot;sizes&quot;:[]},&quot;grid_columns_grid_laptop&quot;:{&quot;unit&quot;:&quot;fr&quot;,&quot;size&quot;:&quot;&quot;,&quot;sizes&quot;:[]},&quot;grid_rows_grid_widescreen&quot;:{&quot;unit&quot;:&quot;fr&quot;,&quot;size&quot;:&quot;&quot;,&quot;sizes&quot;:[]},&quot;grid_rows_grid_laptop&quot;:{&quot;unit&quot;:&quot;fr&quot;,&quot;size&quot;:&quot;&quot;,&quot;sizes&quot;:[]},&quot;grid_rows_grid_tablet&quot;:{&quot;unit&quot;:&quot;fr&quot;,&quot;size&quot;:&quot;&quot;,&quot;sizes&quot;:[]},&quot;grid_rows_grid_mobile&quot;:{&quot;unit&quot;:&quot;fr&quot;,&quot;size&quot;:&quot;&quot;,&quot;sizes&quot;:[]},&quot;grid_auto_flow&quot;:&quot;row&quot;,&quot;grid_auto_flow_widescreen&quot;:&quot;row&quot;,&quot;grid_auto_flow_laptop&quot;:&quot;row&quot;,&quot;grid_auto_flow_tablet&quot;:&quot;row&quot;,&quot;grid_auto_flow_mobile&quot;:&quot;row&quot;}\">\n\t\t\t\t\t<div class=\"e-con-inner\">\n\t\t<div class=\"elementor-element elementor-element-1ef5ceb e-flex e-con-boxed e-con e-child\" data-id=\"1ef5ceb\" data-element_type=\"container\" data-settings=\"{&quot;container_type&quot;:&quot;flex&quot;,&quot;content_width&quot;:&quot;boxed&quot;}\">\n\t\t\t\t\t<div class=\"e-con-inner\">\n\t\t\t\t<div class=\"elementor-element elementor-element-f9cdb26 elementor-widget elementor-widget-image\" data-id=\"f9cdb26\" data-element_type=\"widget\" data-widget_type=\"image.default\">\n\t\t\t\t<div class=\"elementor-widget-container\">\n\t\t\t<style>\/*! elementor - v3.18.0 - 06-12-2023 *\/\n.elementor-widget-image{text-align:center}.elementor-widget-image a{display:inline-block}.elementor-widget-image a img[src$=\".svg\"]{width:48px}.elementor-widget-image img{vertical-align:middle;display:inline-block}<\/style>\t\t\t\t\t\t\t\t\t\t\t\t\t<a href=\"https:\/\/sigalsub.it\/wp-content\/uploads\/2025\/07\/sigalsub-pinne-tsunami-4.jpg\" data-elementor-open-lightbox=\"yes\" data-elementor-lightbox-title=\"sigalsub-pinne-tsunami-4\" data-e-action-hash=\"#elementor-action%3Aaction%3Dlightbox%26settings%3DeyJpZCI6NDcyMCwidXJsIjoiaHR0cHM6XC9cL3NpZ2Fsc3ViLml0XC93cC1jb250ZW50XC91cGxvYWRzXC8yMDI1XC8wN1wvc2lnYWxzdWItcGlubmUtdHN1bmFtaS00LmpwZyJ9\">\n\t\t\t\t\t\t\t<img fetchpriority=\"high\" decoding=\"async\" width=\"1024\" height=\"683\" src=\"https:\/\/sigalsub.it\/wp-content\/uploads\/2025\/07\/sigalsub-pinne-tsunami-4-1024x683.jpg\" class=\"attachment-large size-large wp-image-4720\" alt=\"\" srcset=\"https:\/\/sigalsub.it\/wp-content\/uploads\/2025\/07\/sigalsub-pinne-tsunami-4-1024x683.jpg 1024w, https:\/\/sigalsub.it\/wp-content\/uploads\/2025\/07\/sigalsub-pinne-tsunami-4-300x200.jpg 300w, https:\/\/sigalsub.it\/wp-content\/uploads\/2025\/07\/sigalsub-pinne-tsunami-4-768x512.jpg 768w, https:\/\/sigalsub.it\/wp-content\/uploads\/2025\/07\/sigalsub-pinne-tsunami-4-18x12.jpg 18w, https:\/\/sigalsub.it\/wp-content\/uploads\/2025\/07\/sigalsub-pinne-tsunami-4.jpg 1200w\" sizes=\"(max-width: 1024px) 100vw, 1024px\" \/>\t\t\t\t\t\t\t\t<\/a>\n\t\t\t\t\t\t\t\t\t\t\t\t\t\t\t<\/div>\n\t\t\t\t<\/div>\n\t\t\t\t\t<\/div>\n\t\t\t\t<\/div>\n\t\t<div class=\"elementor-element elementor-element-2972bd9 e-flex e-con-boxed e-con e-child\" data-id=\"2972bd9\" data-element_type=\"container\" data-settings=\"{&quot;container_type&quot;:&quot;flex&quot;,&quot;content_width&quot;:&quot;boxed&quot;}\">\n\t\t\t\t\t<div class=\"e-con-inner\">\n\t\t<div class=\"elementor-element elementor-element-d91bc21 e-flex e-con-boxed e-con e-child\" data-id=\"d91bc21\" data-element_type=\"container\" data-settings=\"{&quot;container_type&quot;:&quot;flex&quot;,&quot;content_width&quot;:&quot;boxed&quot;}\">\n\t\t\t\t\t<div class=\"e-con-inner\">\n\t\t\t\t<div class=\"elementor-element elementor-element-18510bd elementor-widget elementor-widget-heading\" data-id=\"18510bd\" data-element_type=\"widget\" data-widget_type=\"heading.default\">\n\t\t\t\t<div class=\"elementor-widget-container\">\n\t\t\t<style>\/*! elementor - v3.18.0 - 06-12-2023 *\/\n.elementor-heading-title{padding:0;margin:0;line-height:1}.elementor-widget-heading .elementor-heading-title[class*=elementor-size-]>a{color:inherit;font-size:inherit;line-height:inherit}.elementor-widget-heading .elementor-heading-title.elementor-size-small{font-size:15px}.elementor-widget-heading .elementor-heading-title.elementor-size-medium{font-size:19px}.elementor-widget-heading .elementor-heading-title.elementor-size-large{font-size:29px}.elementor-widget-heading .elementor-heading-title.elementor-size-xl{font-size:39px}.elementor-widget-heading .elementor-heading-title.elementor-size-xxl{font-size:59px}<\/style><h2 class=\"elementor-heading-title elementor-size-default\">Pinne Sigalsub Tsunami<\/h2>\t\t<\/div>\n\t\t\t\t<\/div>\n\t\t\t\t\t<\/div>\n\t\t\t\t<\/div>\n\t\t\t\t<div class=\"elementor-element elementor-element-3594f9e elementor-widget elementor-widget-text-editor\" data-id=\"3594f9e\" data-element_type=\"widget\" data-widget_type=\"text-editor.default\">\n\t\t\t\t<div class=\"elementor-widget-container\">\n\t\t\t<style>\/*! elementor - v3.18.0 - 06-12-2023 *\/\n.elementor-widget-text-editor.elementor-drop-cap-view-stacked .elementor-drop-cap{background-color:#69727d;color:#fff}.elementor-widget-text-editor.elementor-drop-cap-view-framed .elementor-drop-cap{color:#69727d;border:3px solid;background-color:transparent}.elementor-widget-text-editor:not(.elementor-drop-cap-view-default) .elementor-drop-cap{margin-top:8px}.elementor-widget-text-editor:not(.elementor-drop-cap-view-default) .elementor-drop-cap-letter{width:1em;height:1em}.elementor-widget-text-editor .elementor-drop-cap{float:left;text-align:center;line-height:1;font-size:50px}.elementor-widget-text-editor .elementor-drop-cap-letter{display:inline-block}<\/style>\t\t\t\t<ul><li>Pala 100% in <strong>fibra di carbonio <\/strong><\/li><li>Carbonio di massima qualit\u00e0 T700 12K Prepreg<\/li><li>Durezze <strong>Super Soft<\/strong>, <strong>Soft<\/strong>, <strong>Medie<\/strong>, <strong>Hard<\/strong><\/li><li>Angolo scarpetta pala 23\u00b0 per tutte le esigenze<\/li><li>Scarpetta Sigalsub Tsunami a spessori differenziati e longheroni corti<\/li><li><strong>Ampio numero di misure<\/strong> della scarpetta: 36\/37, 38\/39, 40\/41, 42\/43, 44\/45, 46\/47<\/li><li><strong>Polivalenti<\/strong> con eccellenti prestazioni nei <strong>tuffi profondi<\/strong><\/li><li>Pensate per pesca in apnea e apnea<\/li><\/ul>\t\t\t\t\t\t<\/div>\n\t\t\t\t<\/div>\n\t\t\t\t\t<\/div>\n\t\t\t\t<\/div>\n\t\t\t\t\t<\/div>\n\t\t\t\t<\/div>\n\t\t<div class=\"elementor-element elementor-element-bb48548 e-con-full e-flex e-con e-parent\" data-id=\"bb48548\" data-element_type=\"container\" data-settings=\"{&quot;content_width&quot;:&quot;full&quot;,&quot;container_type&quot;:&quot;flex&quot;}\" data-core-v316-plus=\"true\">\n\t\t\t\t<div class=\"elementor-element elementor-element-7414982 elementor-arrows-position-inside elementor-widget elementor-widget-image-carousel\" data-id=\"7414982\" data-element_type=\"widget\" data-settings=\"{&quot;slides_to_show&quot;:&quot;4&quot;,&quot;slides_to_scroll&quot;:&quot;1&quot;,&quot;navigation&quot;:&quot;arrows&quot;,&quot;lazyload&quot;:&quot;yes&quot;,&quot;autoplay&quot;:&quot;no&quot;,&quot;infinite&quot;:&quot;no&quot;,&quot;image_spacing_custom&quot;:{&quot;unit&quot;:&quot;px&quot;,&quot;size&quot;:16,&quot;sizes&quot;:[]},&quot;image_spacing_custom_laptop&quot;:{&quot;unit&quot;:&quot;rem&quot;,&quot;size&quot;:&quot;&quot;,&quot;sizes&quot;:[]},&quot;image_spacing_custom_tablet&quot;:{&quot;unit&quot;:&quot;rem&quot;,&quot;size&quot;:&quot;&quot;,&quot;sizes&quot;:[]},&quot;image_spacing_custom_mobile&quot;:{&quot;unit&quot;:&quot;rem&quot;,&quot;size&quot;:&quot;&quot;,&quot;sizes&quot;:[]},&quot;speed&quot;:500,&quot;image_spacing_custom_widescreen&quot;:{&quot;unit&quot;:&quot;px&quot;,&quot;size&quot;:&quot;&quot;,&quot;sizes&quot;:[]}}\" data-widget_type=\"image-carousel.default\">\n\t\t\t\t<div class=\"elementor-widget-container\">\n\t\t\t<style>\/*! elementor - v3.18.0 - 06-12-2023 *\/\n.elementor-widget-image-carousel .swiper,.elementor-widget-image-carousel .swiper-container{position:static}.elementor-widget-image-carousel .swiper-container .swiper-slide figure,.elementor-widget-image-carousel .swiper .swiper-slide figure{line-height:inherit}.elementor-widget-image-carousel .swiper-slide{text-align:center}.elementor-image-carousel-wrapper:not(.swiper-container-initialized):not(.swiper-initialized) .swiper-slide{max-width:calc(100% \/ var(--e-image-carousel-slides-to-show, 3))}<\/style>\t\t<div class=\"elementor-image-carousel-wrapper swiper\" dir=\"ltr\">\n\t\t\t<div class=\"elementor-image-carousel swiper-wrapper swiper-image-stretch\" aria-live=\"polite\">\n\t\t\t\t\t\t\t\t<div class=\"swiper-slide\" role=\"group\" aria-roledescription=\"slide\" aria-label=\"1 de 8\"><a data-elementor-open-lightbox=\"yes\" data-elementor-lightbox-slideshow=\"7414982\" data-elementor-lightbox-title=\"sigalsub-pinne-tsunami-1\" data-e-action-hash=\"#elementor-action%3Aaction%3Dlightbox%26settings%3DeyJpZCI6NDcxNywidXJsIjoiaHR0cHM6XC9cL3NpZ2Fsc3ViLml0XC93cC1jb250ZW50XC91cGxvYWRzXC8yMDI1XC8wN1wvc2lnYWxzdWItcGlubmUtdHN1bmFtaS0xLmpwZyIsInNsaWRlc2hvdyI6Ijc0MTQ5ODIifQ%3D%3D\" href=\"https:\/\/sigalsub.it\/wp-content\/uploads\/2025\/07\/sigalsub-pinne-tsunami-1.jpg\"><figure class=\"swiper-slide-inner\"><img class=\"swiper-slide-image swiper-lazy\" data-src=\"https:\/\/sigalsub.it\/wp-content\/uploads\/2025\/07\/sigalsub-pinne-tsunami-1-640x400.jpg\" alt=\"Fronte\" \/><div class=\"swiper-lazy-preloader\"><\/div><\/figure><\/a><\/div><div class=\"swiper-slide\" role=\"group\" aria-roledescription=\"slide\" aria-label=\"2 de 8\"><a data-elementor-open-lightbox=\"yes\" data-elementor-lightbox-slideshow=\"7414982\" data-elementor-lightbox-title=\"sigalsub-pinne-tsunami-2\" data-e-action-hash=\"#elementor-action%3Aaction%3Dlightbox%26settings%3DeyJpZCI6NDcxOCwidXJsIjoiaHR0cHM6XC9cL3NpZ2Fsc3ViLml0XC93cC1jb250ZW50XC91cGxvYWRzXC8yMDI1XC8wN1wvc2lnYWxzdWItcGlubmUtdHN1bmFtaS0yLmpwZyIsInNsaWRlc2hvdyI6Ijc0MTQ5ODIifQ%3D%3D\" href=\"https:\/\/sigalsub.it\/wp-content\/uploads\/2025\/07\/sigalsub-pinne-tsunami-2.jpg\"><figure class=\"swiper-slide-inner\"><img class=\"swiper-slide-image swiper-lazy\" data-src=\"https:\/\/sigalsub.it\/wp-content\/uploads\/2025\/07\/sigalsub-pinne-tsunami-2-640x400.jpg\" alt=\"Retro\" \/><div class=\"swiper-lazy-preloader\"><\/div><\/figure><\/a><\/div><div class=\"swiper-slide\" role=\"group\" aria-roledescription=\"slide\" aria-label=\"3 de 8\"><a data-elementor-open-lightbox=\"yes\" data-elementor-lightbox-slideshow=\"7414982\" data-elementor-lightbox-title=\"sigalsub-pinne-tsunami-3\" data-e-action-hash=\"#elementor-action%3Aaction%3Dlightbox%26settings%3DeyJpZCI6NDcxOSwidXJsIjoiaHR0cHM6XC9cL3NpZ2Fsc3ViLml0XC93cC1jb250ZW50XC91cGxvYWRzXC8yMDI1XC8wN1wvc2lnYWxzdWItcGlubmUtdHN1bmFtaS0zLmpwZyIsInNsaWRlc2hvdyI6Ijc0MTQ5ODIifQ%3D%3D\" href=\"https:\/\/sigalsub.it\/wp-content\/uploads\/2025\/07\/sigalsub-pinne-tsunami-3.jpg\"><figure class=\"swiper-slide-inner\"><img class=\"swiper-slide-image swiper-lazy\" data-src=\"https:\/\/sigalsub.it\/wp-content\/uploads\/2025\/07\/sigalsub-pinne-tsunami-3-640x400.jpg\" alt=\"Scarpetta\" \/><div class=\"swiper-lazy-preloader\"><\/div><\/figure><\/a><\/div><div class=\"swiper-slide\" role=\"group\" aria-roledescription=\"slide\" aria-label=\"4 de 8\"><a data-elementor-open-lightbox=\"yes\" data-elementor-lightbox-slideshow=\"7414982\" data-elementor-lightbox-title=\"sigalsub-pinne-tsunami-4\" data-e-action-hash=\"#elementor-action%3Aaction%3Dlightbox%26settings%3DeyJpZCI6NDcyMCwidXJsIjoiaHR0cHM6XC9cL3NpZ2Fsc3ViLml0XC93cC1jb250ZW50XC91cGxvYWRzXC8yMDI1XC8wN1wvc2lnYWxzdWItcGlubmUtdHN1bmFtaS00LmpwZyIsInNsaWRlc2hvdyI6Ijc0MTQ5ODIifQ%3D%3D\" href=\"https:\/\/sigalsub.it\/wp-content\/uploads\/2025\/07\/sigalsub-pinne-tsunami-4.jpg\"><figure class=\"swiper-slide-inner\"><img class=\"swiper-slide-image swiper-lazy\" data-src=\"https:\/\/sigalsub.it\/wp-content\/uploads\/2025\/07\/sigalsub-pinne-tsunami-4-640x400.jpg\" alt=\"Dettaglio\" \/><div class=\"swiper-lazy-preloader\"><\/div><\/figure><\/a><\/div><div class=\"swiper-slide\" role=\"group\" aria-roledescription=\"slide\" aria-label=\"5 de 8\"><a data-elementor-open-lightbox=\"yes\" data-elementor-lightbox-slideshow=\"7414982\" data-elementor-lightbox-title=\"sigalsub-pinne-tsunami-5\" data-e-action-hash=\"#elementor-action%3Aaction%3Dlightbox%26settings%3DeyJpZCI6NDcyNSwidXJsIjoiaHR0cHM6XC9cL3NpZ2Fsc3ViLml0XC93cC1jb250ZW50XC91cGxvYWRzXC8yMDI1XC8wN1wvc2lnYWxzdWItcGlubmUtdHN1bmFtaS01LmpwZWciLCJzbGlkZXNob3ciOiI3NDE0OTgyIn0%3D\" href=\"https:\/\/sigalsub.it\/wp-content\/uploads\/2025\/07\/sigalsub-pinne-tsunami-5.jpeg\"><figure class=\"swiper-slide-inner\"><img class=\"swiper-slide-image swiper-lazy\" data-src=\"https:\/\/sigalsub.it\/wp-content\/uploads\/2025\/07\/sigalsub-pinne-tsunami-5-640x400.jpeg\" alt=\"sigalsub-pinne-tsunami-5\" \/><div class=\"swiper-lazy-preloader\"><\/div><\/figure><\/a><\/div><div class=\"swiper-slide\" role=\"group\" aria-roledescription=\"slide\" aria-label=\"6 de 8\"><a data-elementor-open-lightbox=\"yes\" data-elementor-lightbox-slideshow=\"7414982\" data-elementor-lightbox-title=\"sigalsub-pinne-tsunami-6\" data-e-action-hash=\"#elementor-action%3Aaction%3Dlightbox%26settings%3DeyJpZCI6NDcyNiwidXJsIjoiaHR0cHM6XC9cL3NpZ2Fsc3ViLml0XC93cC1jb250ZW50XC91cGxvYWRzXC8yMDI1XC8wN1wvc2lnYWxzdWItcGlubmUtdHN1bmFtaS02LmpwZWciLCJzbGlkZXNob3ciOiI3NDE0OTgyIn0%3D\" href=\"https:\/\/sigalsub.it\/wp-content\/uploads\/2025\/07\/sigalsub-pinne-tsunami-6.jpeg\"><figure class=\"swiper-slide-inner\"><img class=\"swiper-slide-image swiper-lazy\" data-src=\"https:\/\/sigalsub.it\/wp-content\/uploads\/2025\/07\/sigalsub-pinne-tsunami-6-640x400.jpeg\" alt=\"sigalsub-pinne-tsunami-6\" \/><div class=\"swiper-lazy-preloader\"><\/div><\/figure><\/a><\/div><div class=\"swiper-slide\" role=\"group\" aria-roledescription=\"slide\" aria-label=\"7 de 8\"><a data-elementor-open-lightbox=\"yes\" data-elementor-lightbox-slideshow=\"7414982\" data-elementor-lightbox-title=\"sigalsub-pinne-tsunami-7\" data-e-action-hash=\"#elementor-action%3Aaction%3Dlightbox%26settings%3DeyJpZCI6NDcyNywidXJsIjoiaHR0cHM6XC9cL3NpZ2Fsc3ViLml0XC93cC1jb250ZW50XC91cGxvYWRzXC8yMDI1XC8wN1wvc2lnYWxzdWItcGlubmUtdHN1bmFtaS03LmpwZWciLCJzbGlkZXNob3ciOiI3NDE0OTgyIn0%3D\" href=\"https:\/\/sigalsub.it\/wp-content\/uploads\/2025\/07\/sigalsub-pinne-tsunami-7.jpeg\"><figure class=\"swiper-slide-inner\"><img class=\"swiper-slide-image swiper-lazy\" data-src=\"https:\/\/sigalsub.it\/wp-content\/uploads\/2025\/07\/sigalsub-pinne-tsunami-7-640x400.jpeg\" alt=\"sigalsub-pinne-tsunami-7\" \/><div class=\"swiper-lazy-preloader\"><\/div><\/figure><\/a><\/div><div class=\"swiper-slide\" role=\"group\" aria-roledescription=\"slide\" aria-label=\"8 de 8\"><a data-elementor-open-lightbox=\"yes\" data-elementor-lightbox-slideshow=\"7414982\" data-elementor-lightbox-title=\"sigalsub-pinne-tsunami-8\" data-e-action-hash=\"#elementor-action%3Aaction%3Dlightbox%26settings%3DeyJpZCI6NDcyOCwidXJsIjoiaHR0cHM6XC9cL3NpZ2Fsc3ViLml0XC93cC1jb250ZW50XC91cGxvYWRzXC8yMDI1XC8wN1wvc2lnYWxzdWItcGlubmUtdHN1bmFtaS04LmpwZWciLCJzbGlkZXNob3ciOiI3NDE0OTgyIn0%3D\" href=\"https:\/\/sigalsub.it\/wp-content\/uploads\/2025\/07\/sigalsub-pinne-tsunami-8.jpeg\"><figure class=\"swiper-slide-inner\"><img class=\"swiper-slide-image swiper-lazy\" data-src=\"https:\/\/sigalsub.it\/wp-content\/uploads\/2025\/07\/sigalsub-pinne-tsunami-8-640x400.jpeg\" alt=\"sigalsub-pinne-tsunami-8\" \/><div class=\"swiper-lazy-preloader\"><\/div><\/figure><\/a><\/div>\t\t\t<\/div>\n\t\t\t\t\t\t\t\t\t\t\t\t<div class=\"elementor-swiper-button elementor-swiper-button-prev\" role=\"button\" tabindex=\"0\">\n\t\t\t\t\t\t<i aria-hidden=\"true\" class=\"eicon-chevron-left\"><\/i>\t\t\t\t\t<\/div>\n\t\t\t\t\t<div class=\"elementor-swiper-button elementor-swiper-button-next\" role=\"button\" tabindex=\"0\">\n\t\t\t\t\t\t<i aria-hidden=\"true\" class=\"eicon-chevron-right\"><\/i>\t\t\t\t\t<\/div>\n\t\t\t\t\n\t\t\t\t\t\t\t\t\t<\/div>\n\t\t\t\t<\/div>\n\t\t\t\t<\/div>\n\t\t\t\t<\/div>\n\t\t<div class=\"elementor-element elementor-element-17a5c2a e-grid e-con-full e-con e-child\" data-id=\"17a5c2a\" data-element_type=\"container\" data-settings=\"{&quot;container_type&quot;:&quot;grid&quot;,&quot;grid_columns_grid&quot;:{&quot;unit&quot;:&quot;fr&quot;,&quot;size&quot;:1,&quot;sizes&quot;:[]},&quot;grid_rows_grid&quot;:{&quot;unit&quot;:&quot;fr&quot;,&quot;size&quot;:1,&quot;sizes&quot;:[]},&quot;grid_columns_grid_tablet&quot;:{&quot;unit&quot;:&quot;custom&quot;,&quot;size&quot;:&quot;1fr&quot;,&quot;sizes&quot;:[]},&quot;grid_columns_grid_mobile&quot;:{&quot;unit&quot;:&quot;custom&quot;,&quot;size&quot;:&quot;1fr&quot;,&quot;sizes&quot;:[]},&quot;content_width&quot;:&quot;full&quot;,&quot;grid_outline&quot;:&quot;yes&quot;,&quot;grid_columns_grid_widescreen&quot;:{&quot;unit&quot;:&quot;fr&quot;,&quot;size&quot;:&quot;&quot;,&quot;sizes&quot;:[]},&quot;grid_columns_grid_laptop&quot;:{&quot;unit&quot;:&quot;fr&quot;,&quot;size&quot;:&quot;&quot;,&quot;sizes&quot;:[]},&quot;grid_rows_grid_widescreen&quot;:{&quot;unit&quot;:&quot;fr&quot;,&quot;size&quot;:&quot;&quot;,&quot;sizes&quot;:[]},&quot;grid_rows_grid_laptop&quot;:{&quot;unit&quot;:&quot;fr&quot;,&quot;size&quot;:&quot;&quot;,&quot;sizes&quot;:[]},&quot;grid_rows_grid_tablet&quot;:{&quot;unit&quot;:&quot;fr&quot;,&quot;size&quot;:&quot;&quot;,&quot;sizes&quot;:[]},&quot;grid_rows_grid_mobile&quot;:{&quot;unit&quot;:&quot;fr&quot;,&quot;size&quot;:&quot;&quot;,&quot;sizes&quot;:[]},&quot;grid_auto_flow&quot;:&quot;row&quot;,&quot;grid_auto_flow_widescreen&quot;:&quot;row&quot;,&quot;grid_auto_flow_laptop&quot;:&quot;row&quot;,&quot;grid_auto_flow_tablet&quot;:&quot;row&quot;,&quot;grid_auto_flow_mobile&quot;:&quot;row&quot;}\">\n\t\t<div class=\"elementor-element elementor-element-4cbe79f e-flex e-con-boxed e-con e-child\" data-id=\"4cbe79f\" data-element_type=\"container\" data-settings=\"{&quot;container_type&quot;:&quot;flex&quot;,&quot;content_width&quot;:&quot;boxed&quot;}\">\n\t\t\t\t\t<div class=\"e-con-inner\">\n\t\t\t\t<div class=\"elementor-element elementor-element-82cc2fb elementor-widget elementor-widget-text-editor\" data-id=\"82cc2fb\" data-element_type=\"widget\" data-widget_type=\"text-editor.default\">\n\t\t\t\t<div class=\"elementor-widget-container\">\n\t\t\t\t\t\t\t<p class=\"p1\">Le nuove pinne in carbonio <strong>Sigalsub Tsunami<\/strong> rappresentano la <strong>massima qualit\u00e0 possibile nei materiali<\/strong>. Il carbonio T700 12K Prepreg elimina praticamente ogni difetto e mantiene le prestazioni costanti. La <b>durata delle pale<\/b> \u00e8 assicurata e le prestazioni sono massime.<\/p>\n<p class=\"p1\">Offerte nelle durezze <b>Super Soft<\/b>, <b>Soft<\/b>, <b>Media<\/b> e <b>Hard<\/b> e con un angolo di 23\u00b0 fra scarpetta e pala, le nostre nuove <b>pinne Tsunami<\/b> sono pensate in modo trasversale per <b>pescatori in apnea<\/b> e <b>apneisti puri<\/b>. La spinta \u00e8 eccellente in ogni condizione, con la possibilit\u00e0 di risalire facilmente dai tuffi pi\u00f9 profondi.<\/p>\n<p class=\"p1\">La scarpetta Sigalsub \u00e8 realizzata in <b>termogomma a spessori differenziati<\/b>. In questo modo la calzata risulta <b>morbida<\/b> e <b>confortevole<\/b> dove serve, mentre \u00e8 rinforzata nelle zone atte alla trasmissione della forza dal piede alla pala, come il collo del piede e la suola.<\/p>\n<p class=\"p1\">Spinta, progressivit\u00e0 e controllo della pinneggiata sono ottimali e al tempo stesso non stancano la gamba. In questo modo le Sigalsub Tsunami eccellono sia nei tuffi profondi che nell\u2019apnea in piscina.<\/p>\n<p class=\"p1\">Infine, il collegamento scarpetta pala \u00e8 realizzato con una unica vite a brugola che, grazie anche ai longheroni ultracorti, permette un accoppiamento veloce. Contemporaneamente, il dado filettato annegato in una piastra in plastica rende il collegamento pala scarpetta sicuro e duraturo.<\/p>\t\t\t\t\t\t<\/div>\n\t\t\t\t<\/div>\n\t\t\t\t\t<\/div>\n\t\t\t\t<\/div>\n\t\t\t\t<\/div>\n\t\t\t\t\t\t\t<\/div>\n\t\t","protected":false},"excerpt":{"rendered":"<p>Pinne Sigalsub Tsunami Pala 100% in fibra di carbonio Carbonio di massima qualit\u00e0 T700 12K Prepreg Durezze Super Soft, Soft, Medie, Hard Angolo scarpetta pala 23\u00b0 per tutte le esigenze Scarpetta Sigalsub Tsunami a spessori differenziati e longheroni corti Ampio numero di misure della scarpetta: 36\/37, 38\/39, 40\/41, 42\/43, 44\/45, 46\/47 Polivalenti con eccellenti prestazioni [&hellip;]<\/p>\n","protected":false},"author":2,"featured_media":0,"parent":4703,"menu_order":0,"comment_status":"closed","ping_status":"closed","template":"","meta":{"_acf_changed":false,"site-sidebar-layout":"no-sidebar","site-content-layout":"page-builder","ast-site-content-layout":"","site-content-style":"default","site-sidebar-style":"default","ast-global-header-display":"","ast-banner-title-visibility":"","ast-main-header-display":"","ast-hfb-above-header-display":"","ast-hfb-below-header-display":"","ast-hfb-mobile-header-display":"","site-post-title":"disabled","ast-breadcrumbs-content":"","ast-featured-img":"disabled","footer-sml-layout":"","theme-transparent-header-meta":"default","adv-header-id-meta":"","stick-header-meta":"default","header-above-stick-meta":"","header-main-stick-meta":"","header-below-stick-meta":"","astra-migrate-meta-layouts":"default","ast-page-background-enabled":"default","ast-page-background-meta":{"desktop":{"background-color":"var(--ast-global-color-4)","background-image":"","background-repeat":"repeat","background-position":"center center","background-size":"auto","background-attachment":"scroll","background-type":"","background-media":"","overlay-type":"","overlay-color":"","overlay-opacity":"","overlay-gradient":""},"tablet":{"background-color":"","background-image":"","background-repeat":"repeat","background-position":"center center","background-size":"auto","background-attachment":"scroll","background-type":"","background-media":"","overlay-type":"","overlay-color":"","overlay-opacity":"","overlay-gradient":""},"mobile":{"background-color":"","background-image":"","background-repeat":"repeat","background-position":"center center","background-size":"auto","background-attachment":"scroll","background-type":"","background-media":"","overlay-type":"","overlay-color":"","overlay-opacity":"","overlay-gradient":""}},"ast-content-background-meta":{"desktop":{"background-color":"var(--ast-global-color-5)","background-image":"","background-repeat":"repeat","background-position":"center center","background-size":"auto","background-attachment":"scroll","background-type":"","background-media":"","overlay-type":"","overlay-color":"","overlay-opacity":"","overlay-gradient":""},"tablet":{"background-color":"var(--ast-global-color-5)","background-image":"","background-repeat":"repeat","background-position":"center center","background-size":"auto","background-attachment":"scroll","background-type":"","background-media":"","overlay-type":"","overlay-color":"","overlay-opacity":"","overlay-gradient":""},"mobile":{"background-color":"var(--ast-global-color-5)","background-image":"","background-repeat":"repeat","background-position":"center center","background-size":"auto","background-attachment":"scroll","background-type":"","background-media":"","overlay-type":"","overlay-color":"","overlay-opacity":"","overlay-gradient":""}},"footnotes":""},"acf":[],"_links":{"self":[{"href":"https:\/\/sigalsub.it\/es\/wp-json\/wp\/v2\/pages\/4712"}],"collection":[{"href":"https:\/\/sigalsub.it\/es\/wp-json\/wp\/v2\/pages"}],"about":[{"href":"https:\/\/sigalsub.it\/es\/wp-json\/wp\/v2\/types\/page"}],"author":[{"embeddable":true,"href":"https:\/\/sigalsub.it\/es\/wp-json\/wp\/v2\/users\/2"}],"replies":[{"embeddable":true,"href":"https:\/\/sigalsub.it\/es\/wp-json\/wp\/v2\/comments?post=4712"}],"version-history":[{"count":1,"href":"https:\/\/sigalsub.it\/es\/wp-json\/wp\/v2\/pages\/4712\/revisions"}],"predecessor-version":[{"id":4741,"href":"https:\/\/sigalsub.it\/es\/wp-json\/wp\/v2\/pages\/4712\/revisions\/4741"}],"up":[{"embeddable":true,"href":"https:\/\/sigalsub.it\/es\/wp-json\/wp\/v2\/pages\/4703"}],"wp:attachment":[{"href":"https:\/\/sigalsub.it\/es\/wp-json\/wp\/v2\/media?parent=4712"}],"curies":[{"name":"wp","href":"https:\/\/api.w.org\/{rel}","templated":true}]}}