{"id":5400,"date":"2025-11-29T17:18:25","date_gmt":"2025-11-29T17:18:25","guid":{"rendered":"https:\/\/sigalsub.it\/?page_id=5400"},"modified":"2025-11-29T17:27:37","modified_gmt":"2025-11-29T17:27:37","slug":"elastico-reactive-brown-classico","status":"publish","type":"page","link":"https:\/\/sigalsub.it\/es\/prodotti\/aste-e-accessori\/elastici-al-metro\/elastico-reactive-brown-classico\/","title":{"rendered":"Goma Classic Reactive Brown"},"content":{"rendered":"\t\t<div data-elementor-type=\"wp-post\" data-elementor-id=\"5400\" class=\"elementor elementor-5400\">\n\t\t\t\t\t\t\t<div class=\"elementor-element elementor-element-2ef03d50 e-flex e-con-boxed e-con e-parent\" data-id=\"2ef03d50\" data-element_type=\"container\" data-settings=\"{&quot;container_type&quot;:&quot;flex&quot;,&quot;content_width&quot;:&quot;boxed&quot;}\" data-core-v316-plus=\"true\">\n\t\t\t\t\t<div class=\"e-con-inner\">\n\t\t\t\t<div class=\"elementor-element elementor-element-38895b4 elementor-widget elementor-widget-global elementor-global-1202 elementor-widget-breadcrumbs\" data-id=\"38895b4\" data-element_type=\"widget\" data-widget_type=\"breadcrumbs.default\">\n\t\t\t\t<div class=\"elementor-widget-container\">\n\t\t\t<link rel=\"stylesheet\" href=\"https:\/\/sigalsub.it\/wp-content\/plugins\/elementor-pro\/assets\/css\/widget-theme-elements.min.css\"><p id=\"breadcrumbs\"><span><span><a href=\"https:\/\/sigalsub.it\/\">Home<\/a><\/span><\/span><\/p>\t\t<\/div>\n\t\t\t\t<\/div>\n\t\t\t\t\t<\/div>\n\t\t\t\t<\/div>\n\t\t<div class=\"elementor-element elementor-element-0807edd e-grid e-con-boxed e-con e-child\" data-id=\"0807edd\" data-element_type=\"container\" data-settings=\"{&quot;container_type&quot;:&quot;grid&quot;,&quot;grid_columns_grid&quot;:{&quot;unit&quot;:&quot;custom&quot;,&quot;size&quot;:&quot;3fr 2fr&quot;,&quot;sizes&quot;:[]},&quot;grid_rows_grid&quot;:{&quot;unit&quot;:&quot;fr&quot;,&quot;size&quot;:1,&quot;sizes&quot;:[]},&quot;grid_columns_grid_tablet&quot;:{&quot;unit&quot;:&quot;custom&quot;,&quot;size&quot;:&quot;1fr&quot;,&quot;sizes&quot;:[]},&quot;grid_columns_grid_mobile&quot;:{&quot;unit&quot;:&quot;custom&quot;,&quot;size&quot;:&quot;1fr&quot;,&quot;sizes&quot;:[]},&quot;content_width&quot;:&quot;boxed&quot;,&quot;grid_outline&quot;:&quot;yes&quot;,&quot;grid_columns_grid_widescreen&quot;:{&quot;unit&quot;:&quot;fr&quot;,&quot;size&quot;:&quot;&quot;,&quot;sizes&quot;:[]},&quot;grid_columns_grid_laptop&quot;:{&quot;unit&quot;:&quot;fr&quot;,&quot;size&quot;:&quot;&quot;,&quot;sizes&quot;:[]},&quot;grid_rows_grid_widescreen&quot;:{&quot;unit&quot;:&quot;fr&quot;,&quot;size&quot;:&quot;&quot;,&quot;sizes&quot;:[]},&quot;grid_rows_grid_laptop&quot;:{&quot;unit&quot;:&quot;fr&quot;,&quot;size&quot;:&quot;&quot;,&quot;sizes&quot;:[]},&quot;grid_rows_grid_tablet&quot;:{&quot;unit&quot;:&quot;fr&quot;,&quot;size&quot;:&quot;&quot;,&quot;sizes&quot;:[]},&quot;grid_rows_grid_mobile&quot;:{&quot;unit&quot;:&quot;fr&quot;,&quot;size&quot;:&quot;&quot;,&quot;sizes&quot;:[]},&quot;grid_auto_flow&quot;:&quot;row&quot;,&quot;grid_auto_flow_widescreen&quot;:&quot;row&quot;,&quot;grid_auto_flow_laptop&quot;:&quot;row&quot;,&quot;grid_auto_flow_tablet&quot;:&quot;row&quot;,&quot;grid_auto_flow_mobile&quot;:&quot;row&quot;}\">\n\t\t\t\t\t<div class=\"e-con-inner\">\n\t\t<div class=\"elementor-element elementor-element-7742ea0 e-flex e-con-boxed e-con e-child\" data-id=\"7742ea0\" data-element_type=\"container\" data-settings=\"{&quot;container_type&quot;:&quot;flex&quot;,&quot;content_width&quot;:&quot;boxed&quot;}\">\n\t\t\t\t\t<div class=\"e-con-inner\">\n\t\t\t\t<div class=\"elementor-element elementor-element-3777609 elementor-widget elementor-widget-image\" data-id=\"3777609\" data-element_type=\"widget\" data-widget_type=\"image.default\">\n\t\t\t\t<div class=\"elementor-widget-container\">\n\t\t\t<style>\/*! elementor - v3.18.0 - 06-12-2023 *\/\n.elementor-widget-image{text-align:center}.elementor-widget-image a{display:inline-block}.elementor-widget-image a img[src$=\".svg\"]{width:48px}.elementor-widget-image img{vertical-align:middle;display:inline-block}<\/style>\t\t\t\t\t\t\t\t\t\t\t\t\t<a href=\"https:\/\/sigalsub.it\/wp-content\/uploads\/2024\/03\/4Gomme_Reactive_17_5.jpg\" data-elementor-open-lightbox=\"yes\" data-elementor-lightbox-title=\"4Gomme_Reactive_17_5\" data-e-action-hash=\"#elementor-action%3Aaction%3Dlightbox%26settings%3DeyJpZCI6MjI2NSwidXJsIjoiaHR0cHM6XC9cL3NpZ2Fsc3ViLml0XC93cC1jb250ZW50XC91cGxvYWRzXC8yMDI0XC8wM1wvNEdvbW1lX1JlYWN0aXZlXzE3XzUuanBnIn0%3D\">\n\t\t\t\t\t\t\t<img fetchpriority=\"high\" decoding=\"async\" width=\"1600\" height=\"900\" src=\"https:\/\/sigalsub.it\/wp-content\/uploads\/2024\/03\/4Gomme_Reactive_17_5.jpg\" class=\"attachment-full size-full wp-image-2265\" alt=\"\" srcset=\"https:\/\/sigalsub.it\/wp-content\/uploads\/2024\/03\/4Gomme_Reactive_17_5.jpg 1600w, https:\/\/sigalsub.it\/wp-content\/uploads\/2024\/03\/4Gomme_Reactive_17_5-300x169.jpg 300w, https:\/\/sigalsub.it\/wp-content\/uploads\/2024\/03\/4Gomme_Reactive_17_5-1024x576.jpg 1024w, https:\/\/sigalsub.it\/wp-content\/uploads\/2024\/03\/4Gomme_Reactive_17_5-768x432.jpg 768w, https:\/\/sigalsub.it\/wp-content\/uploads\/2024\/03\/4Gomme_Reactive_17_5-1536x864.jpg 1536w, https:\/\/sigalsub.it\/wp-content\/uploads\/2024\/03\/4Gomme_Reactive_17_5-18x10.jpg 18w\" sizes=\"(max-width: 1600px) 100vw, 1600px\" \/>\t\t\t\t\t\t\t\t<\/a>\n\t\t\t\t\t\t\t\t\t\t\t\t\t\t\t<\/div>\n\t\t\t\t<\/div>\n\t\t\t\t\t<\/div>\n\t\t\t\t<\/div>\n\t\t<div class=\"elementor-element elementor-element-7f03087 e-flex e-con-boxed e-con e-child\" data-id=\"7f03087\" data-element_type=\"container\" data-settings=\"{&quot;container_type&quot;:&quot;flex&quot;,&quot;content_width&quot;:&quot;boxed&quot;}\">\n\t\t\t\t\t<div class=\"e-con-inner\">\n\t\t<div class=\"elementor-element elementor-element-d4e0253 e-flex e-con-boxed e-con e-child\" data-id=\"d4e0253\" data-element_type=\"container\" data-settings=\"{&quot;container_type&quot;:&quot;flex&quot;,&quot;content_width&quot;:&quot;boxed&quot;}\">\n\t\t\t\t\t<div class=\"e-con-inner\">\n\t\t\t\t<div class=\"elementor-element elementor-element-404d57d elementor-widget elementor-widget-heading\" data-id=\"404d57d\" data-element_type=\"widget\" data-widget_type=\"heading.default\">\n\t\t\t\t<div class=\"elementor-widget-container\">\n\t\t\t<style>\/*! elementor - v3.18.0 - 06-12-2023 *\/\n.elementor-heading-title{padding:0;margin:0;line-height:1}.elementor-widget-heading .elementor-heading-title[class*=elementor-size-]>a{color:inherit;font-size:inherit;line-height:inherit}.elementor-widget-heading .elementor-heading-title.elementor-size-small{font-size:15px}.elementor-widget-heading .elementor-heading-title.elementor-size-medium{font-size:19px}.elementor-widget-heading .elementor-heading-title.elementor-size-large{font-size:29px}.elementor-widget-heading .elementor-heading-title.elementor-size-xl{font-size:39px}.elementor-widget-heading .elementor-heading-title.elementor-size-xxl{font-size:59px}<\/style><h2 class=\"elementor-heading-title elementor-size-default\">Elastico Reactive Brown classico\u200b<\/h2>\t\t<\/div>\n\t\t\t\t<\/div>\n\t\t\t\t\t<\/div>\n\t\t\t\t<\/div>\n\t\t\t\t<div class=\"elementor-element elementor-element-f1f9bec elementor-widget elementor-widget-text-editor\" data-id=\"f1f9bec\" data-element_type=\"widget\" data-widget_type=\"text-editor.default\">\n\t\t\t\t<div class=\"elementor-widget-container\">\n\t\t\t<style>\/*! elementor - v3.18.0 - 06-12-2023 *\/\n.elementor-widget-text-editor.elementor-drop-cap-view-stacked .elementor-drop-cap{background-color:#69727d;color:#fff}.elementor-widget-text-editor.elementor-drop-cap-view-framed .elementor-drop-cap{color:#69727d;border:3px solid;background-color:transparent}.elementor-widget-text-editor:not(.elementor-drop-cap-view-default) .elementor-drop-cap{margin-top:8px}.elementor-widget-text-editor:not(.elementor-drop-cap-view-default) .elementor-drop-cap-letter{width:1em;height:1em}.elementor-widget-text-editor .elementor-drop-cap{float:left;text-align:center;line-height:1;font-size:50px}.elementor-widget-text-editor .elementor-drop-cap-letter{display:inline-block}<\/style>\t\t\t\t<ul class=\"ul1\"><li class=\"li1\">Bassa perdita di carico durante la sessione di pesca<\/li><li class=\"li1\">Estremamente progressivo<\/li><li class=\"li1\">Foro interno 3 mm<\/li><li class=\"li1\">Diametri 14,5 \u2013 16,0 \u2013 17,5 \u2013 19,0 mm<\/li><\/ul>\t\t\t\t\t\t<\/div>\n\t\t\t\t<\/div>\n\t\t\t\t\t<\/div>\n\t\t\t\t<\/div>\n\t\t\t\t\t<\/div>\n\t\t\t\t<\/div>\n\t\t<div class=\"elementor-element elementor-element-a3d45ae e-con-full e-flex e-con e-parent\" data-id=\"a3d45ae\" data-element_type=\"container\" data-settings=\"{&quot;content_width&quot;:&quot;full&quot;,&quot;container_type&quot;:&quot;flex&quot;}\" data-core-v316-plus=\"true\">\n\t\t\t\t<div class=\"elementor-element elementor-element-336d530 elementor-arrows-position-inside elementor-widget elementor-widget-image-carousel\" data-id=\"336d530\" data-element_type=\"widget\" data-settings=\"{&quot;slides_to_show&quot;:&quot;3&quot;,&quot;slides_to_scroll&quot;:&quot;1&quot;,&quot;navigation&quot;:&quot;arrows&quot;,&quot;lazyload&quot;:&quot;yes&quot;,&quot;autoplay&quot;:&quot;no&quot;,&quot;infinite&quot;:&quot;no&quot;,&quot;image_spacing_custom&quot;:{&quot;unit&quot;:&quot;px&quot;,&quot;size&quot;:16,&quot;sizes&quot;:[]},&quot;image_spacing_custom_laptop&quot;:{&quot;unit&quot;:&quot;rem&quot;,&quot;size&quot;:&quot;&quot;,&quot;sizes&quot;:[]},&quot;image_spacing_custom_tablet&quot;:{&quot;unit&quot;:&quot;rem&quot;,&quot;size&quot;:&quot;&quot;,&quot;sizes&quot;:[]},&quot;image_spacing_custom_mobile&quot;:{&quot;unit&quot;:&quot;rem&quot;,&quot;size&quot;:&quot;&quot;,&quot;sizes&quot;:[]},&quot;speed&quot;:500,&quot;image_spacing_custom_widescreen&quot;:{&quot;unit&quot;:&quot;px&quot;,&quot;size&quot;:&quot;&quot;,&quot;sizes&quot;:[]}}\" data-widget_type=\"image-carousel.default\">\n\t\t\t\t<div class=\"elementor-widget-container\">\n\t\t\t<style>\/*! elementor - v3.18.0 - 06-12-2023 *\/\n.elementor-widget-image-carousel .swiper,.elementor-widget-image-carousel .swiper-container{position:static}.elementor-widget-image-carousel .swiper-container .swiper-slide figure,.elementor-widget-image-carousel .swiper .swiper-slide figure{line-height:inherit}.elementor-widget-image-carousel .swiper-slide{text-align:center}.elementor-image-carousel-wrapper:not(.swiper-container-initialized):not(.swiper-initialized) .swiper-slide{max-width:calc(100% \/ var(--e-image-carousel-slides-to-show, 3))}<\/style>\t\t<div class=\"elementor-image-carousel-wrapper swiper\" dir=\"ltr\">\n\t\t\t<div class=\"elementor-image-carousel swiper-wrapper swiper-image-stretch\" aria-live=\"polite\">\n\t\t\t\t\t\t\t\t<div class=\"swiper-slide\" role=\"group\" aria-roledescription=\"slide\" aria-label=\"1 de 2\"><a data-elementor-open-lightbox=\"yes\" data-elementor-lightbox-slideshow=\"336d530\" data-elementor-lightbox-title=\"4Gomme_Reactive_17_5\" data-e-action-hash=\"#elementor-action%3Aaction%3Dlightbox%26settings%3DeyJpZCI6MjI2NSwidXJsIjoiaHR0cHM6XC9cL3NpZ2Fsc3ViLml0XC93cC1jb250ZW50XC91cGxvYWRzXC8yMDI0XC8wM1wvNEdvbW1lX1JlYWN0aXZlXzE3XzUuanBnIiwic2xpZGVzaG93IjoiMzM2ZDUzMCJ9\" href=\"https:\/\/sigalsub.it\/wp-content\/uploads\/2024\/03\/4Gomme_Reactive_17_5.jpg\"><figure class=\"swiper-slide-inner\"><img class=\"swiper-slide-image swiper-lazy\" data-src=\"https:\/\/sigalsub.it\/wp-content\/uploads\/2024\/03\/4Gomme_Reactive_17_5.jpg\" alt=\"4Gomme_Reactive_17_5\" \/><div class=\"swiper-lazy-preloader\"><\/div><\/figure><\/a><\/div><div class=\"swiper-slide\" role=\"group\" aria-roledescription=\"slide\" aria-label=\"2 de 2\"><a data-elementor-open-lightbox=\"yes\" data-elementor-lightbox-slideshow=\"336d530\" data-elementor-lightbox-title=\"4Gomme_Reactive_19\" data-e-action-hash=\"#elementor-action%3Aaction%3Dlightbox%26settings%3DeyJpZCI6MjI2NiwidXJsIjoiaHR0cHM6XC9cL3NpZ2Fsc3ViLml0XC93cC1jb250ZW50XC91cGxvYWRzXC8yMDI0XC8wM1wvNEdvbW1lX1JlYWN0aXZlXzE5LmpwZyIsInNsaWRlc2hvdyI6IjMzNmQ1MzAifQ%3D%3D\" href=\"https:\/\/sigalsub.it\/wp-content\/uploads\/2024\/03\/4Gomme_Reactive_19.jpg\"><figure class=\"swiper-slide-inner\"><img class=\"swiper-slide-image swiper-lazy\" data-src=\"https:\/\/sigalsub.it\/wp-content\/uploads\/2024\/03\/4Gomme_Reactive_19.jpg\" alt=\"4Gomme_Reactive_19\" \/><div class=\"swiper-lazy-preloader\"><\/div><\/figure><\/a><\/div>\t\t\t<\/div>\n\t\t\t\t\t\t\t\t\t\t\t\t<div class=\"elementor-swiper-button elementor-swiper-button-prev\" role=\"button\" tabindex=\"0\">\n\t\t\t\t\t\t<i aria-hidden=\"true\" class=\"eicon-chevron-left\"><\/i>\t\t\t\t\t<\/div>\n\t\t\t\t\t<div class=\"elementor-swiper-button elementor-swiper-button-next\" role=\"button\" tabindex=\"0\">\n\t\t\t\t\t\t<i aria-hidden=\"true\" class=\"eicon-chevron-right\"><\/i>\t\t\t\t\t<\/div>\n\t\t\t\t\n\t\t\t\t\t\t\t\t\t<\/div>\n\t\t\t\t<\/div>\n\t\t\t\t<\/div>\n\t\t\t\t<\/div>\n\t\t<div class=\"elementor-element elementor-element-19e7d0e e-con-full e-flex e-con e-parent\" data-id=\"19e7d0e\" data-element_type=\"container\" data-settings=\"{&quot;content_width&quot;:&quot;full&quot;,&quot;container_type&quot;:&quot;flex&quot;}\" data-core-v316-plus=\"true\">\n\t\t\t\t<div class=\"elementor-element elementor-element-06c3763 e-n-tabs-mobile elementor-widget elementor-widget-n-tabs\" data-id=\"06c3763\" data-element_type=\"widget\" data-settings=\"{&quot;horizontal_scroll&quot;:&quot;disable&quot;}\" data-widget_type=\"nested-tabs.default\">\n\t\t\t\t<div class=\"elementor-widget-container\">\n\t\t\t\t\t<div class=\"e-n-tabs\" data-widget-number=\"709\" aria-label=\"Pesta\u00f1as. Abre elementos con Intro o Espacio, ci\u00e9rralos con Escape y navega con las fechas.\">\n\t\t\t<div class=\"e-n-tabs-heading\" role=\"tablist\">\n\t\t\t\t\t\t\t<button id=\"e-n-tabs-title-7091\" class=\"e-n-tab-title\" aria-selected=\"true\" data-tab-index=\"1\" role=\"tab\" tabindex=\"0\" aria-controls=\"e-n-tab-content-7091\" style=\"--n-tabs-title-order: 1;\">\n\t\t\t\t<span class=\"e-n-tab-icon\">\n\t\t\t\t\t\t\t\t\t\t\t\t\t\t<\/span>\n\t\t\t\t<span class=\"e-n-tab-title-text\">\n\t\t\t\t\tDescrizione\t\t\t\t<\/span>\n\t\t\t<\/button>\n\t\t\t\t\t<button id=\"e-n-tabs-title-7092\" class=\"e-n-tab-title\" aria-selected=\"false\" data-tab-index=\"2\" role=\"tab\" tabindex=\"-1\" aria-controls=\"e-n-tab-content-7092\" style=\"--n-tabs-title-order: 2;\">\n\t\t\t\t<span class=\"e-n-tab-icon\">\n\t\t\t\t\t\t\t\t\t\t\t\t\t\t<\/span>\n\t\t\t\t<span class=\"e-n-tab-title-text\">\n\t\t\t\t\tAllestimenti\t\t\t\t<\/span>\n\t\t\t<\/button>\n\t\t\t\t\t<\/div>\n\t\t\t<div class=\"e-n-tabs-content\">\n\t\t\t\t<div id=\"e-n-tab-content-7091\" role=\"tabpanel\" aria-labelledby=\"e-n-tabs-title-7091\" data-tab-index=\"1\" style=\"--n-tabs-title-order: 1;\" class=\"e-active elementor-element elementor-element-c4f6608 e-con-full e-flex e-con e-child\" data-id=\"c4f6608\" data-element_type=\"container\" data-settings=\"{&quot;content_width&quot;:&quot;full&quot;,&quot;container_type&quot;:&quot;flex&quot;}\">\n\t\t<div class=\"elementor-element elementor-element-0b83acb e-flex e-con-boxed e-con e-child\" data-id=\"0b83acb\" data-element_type=\"container\" data-settings=\"{&quot;container_type&quot;:&quot;flex&quot;,&quot;content_width&quot;:&quot;boxed&quot;}\">\n\t\t\t\t\t<div class=\"e-con-inner\">\n\t\t\t\t<div class=\"elementor-element elementor-element-c78c0d5 elementor-widget elementor-widget-text-editor\" data-id=\"c78c0d5\" data-element_type=\"widget\" data-widget_type=\"text-editor.default\">\n\t\t\t\t<div class=\"elementor-widget-container\">\n\t\t\t\t\t\t\tElastico a <b>bassa perdita di carico<\/b> anche su lunghe sessioni di pesca. La colorazione rende la capacit\u00e0 di mimetismo proporzionale alla profondit\u00e0 di immersione. Internamente il materiale \u00e8 puro caucci\u00f9 color ambra, con elevata capacit\u00e0 progressiva. Il foro interno \u00e8 pari a 3mm di diametro.\n\n\u00c8 un elastico altamente progressivo, che permette di ottenere un <b>tiro fluido e potente<\/b> anche sulle lunghe gittate. Data l\u2019alta progressivit\u00e0 di questo elastico, si possono utilizzare fattori di allungamento pi\u00f9 elevati, mantenendo un\u2019alta facilit\u00e0 di caricamento e uno sforzo minimo durante l\u2019azione di pesca. Il Reactive Brown \u00e8 realizzato grazie ad una innovativa tecnica di estrusione, ed \u00e8 disponibile nei diametri: <b>14,5<\/b>\u00a0&#8211; <b>16,0<\/b>\u00a0&#8211; <b>17,5<\/b>\u00a0&#8211; <b>19,0 mm<\/b>.\t\t\t\t\t\t<\/div>\n\t\t\t\t<\/div>\n\t\t\t\t\t<\/div>\n\t\t\t\t<\/div>\n\t\t\t\t<\/div>\n\t\t<div id=\"e-n-tab-content-7092\" role=\"tabpanel\" aria-labelledby=\"e-n-tabs-title-7092\" data-tab-index=\"2\" style=\"--n-tabs-title-order: 2;\" class=\" elementor-element elementor-element-2e441bd e-flex e-con-boxed e-con e-child\" data-id=\"2e441bd\" data-element_type=\"container\" data-settings=\"{&quot;container_type&quot;:&quot;flex&quot;,&quot;content_width&quot;:&quot;boxed&quot;}\">\n\t\t\t\t\t<div class=\"e-con-inner\">\n\t\t\t\t<div class=\"elementor-element elementor-element-02a506a elementor-widget elementor-widget-eael-advanced-data-table\" data-id=\"02a506a\" data-element_type=\"widget\" data-widget_type=\"eael-advanced-data-table.default\">\n\t\t\t\t<div class=\"elementor-widget-container\">\n\t\t\t<div class=\"ea-advanced-data-table-wrap\" data-id=\"02a506a\"><div class=\"ea-advanced-data-table-wrap-inner\">\n                <table class=\"ea-advanced-data-table ea-advanced-data-table-tablepress ea-advanced-data-table-02a506a\" data-id=\"02a506a\"><thead><tr><th>Int Hole \u00d8<\/th><th>Sling \u00d8<\/th><th>Rec Ext.<\/th><th>Max Ext.<\/th><th>Pack<\/th><\/tr><\/thead><tbody><tr><td>3.0 mm<\/td><td>14.5 mm<\/td><td>320-360%<\/td><td>340%<\/td><td>\/<\/td><\/tr><tr><td>3.0 mm<\/td><td>16 mm<\/td><td>310-350%<\/td><td>360%<\/td><td>\/<\/td><\/tr><tr><td>3.0 mm<\/td><td>17.5 mm<\/td><td>290-330%<\/td><td>380%<\/td><td>\/<\/td><\/tr><tr><td>3.0 mm<\/td><td>19 mm<\/td><td>280-310%<\/td><td>380%<\/td><td>\/<\/td><\/tr><tr><td>3.0 mm<\/td><td>14.5 mm<\/td><td>320-360%<\/td><td>340%<\/td><td>1.5 m<\/td><\/tr><tr><td>3.0 mm<\/td><td>16 mm<\/td><td>310-350%<\/td><td>360%<\/td><td>1.5 m<\/td><\/tr><tr><td>3.0 mm<\/td><td>17.5 mm<\/td><td>290-330%<\/td><td>380%<\/td><td>1.5 m<\/td><\/tr><tr><td>3.0 mm<\/td><td>19 mm<\/td><td>280-310%<\/td><td>380%<\/td><td>1.5 m<\/td><\/tr><\/tbody><\/table>\n            <\/div><\/div>\t\t<\/div>\n\t\t\t\t<\/div>\n\t\t\t\t\t<\/div>\n\t\t\t\t<\/div>\n\t\t\t\t\t<\/div>\n\t\t<\/div>\n\t\t\t\t<\/div>\n\t\t\t\t<\/div>\n\t\t\t\t<\/div>\n\t\t\t\t\t\t\t<\/div>\n\t\t","protected":false},"excerpt":{"rendered":"<p>Elastico Reactive Brown classico\u200b Bassa perdita di carico durante la sessione di pesca Estremamente progressivo Foro interno 3 mm Diametri 14,5 \u2013 16,0 \u2013 17,5 \u2013 19,0 mm Descrizione Allestimenti Elastico a bassa perdita di carico anche su lunghe sessioni di pesca. La colorazione rende la capacit\u00e0 di mimetismo proporzionale alla profondit\u00e0 di immersione. Internamente [&hellip;]<\/p>\n","protected":false},"author":2,"featured_media":0,"parent":2436,"menu_order":0,"comment_status":"closed","ping_status":"closed","template":"","meta":{"_acf_changed":false,"site-sidebar-layout":"no-sidebar","site-content-layout":"page-builder","ast-site-content-layout":"","site-content-style":"default","site-sidebar-style":"default","ast-global-header-display":"","ast-banner-title-visibility":"","ast-main-header-display":"","ast-hfb-above-header-display":"","ast-hfb-below-header-display":"","ast-hfb-mobile-header-display":"","site-post-title":"disabled","ast-breadcrumbs-content":"","ast-featured-img":"disabled","footer-sml-layout":"","theme-transparent-header-meta":"default","adv-header-id-meta":"","stick-header-meta":"default","header-above-stick-meta":"","header-main-stick-meta":"","header-below-stick-meta":"","astra-migrate-meta-layouts":"default","ast-page-background-enabled":"default","ast-page-background-meta":{"desktop":{"background-color":"var(--ast-global-color-4)","background-image":"","background-repeat":"repeat","background-position":"center center","background-size":"auto","background-attachment":"scroll","background-type":"","background-media":"","overlay-type":"","overlay-color":"","overlay-opacity":"","overlay-gradient":""},"tablet":{"background-color":"","background-image":"","background-repeat":"repeat","background-position":"center center","background-size":"auto","background-attachment":"scroll","background-type":"","background-media":"","overlay-type":"","overlay-color":"","overlay-opacity":"","overlay-gradient":""},"mobile":{"background-color":"","background-image":"","background-repeat":"repeat","background-position":"center center","background-size":"auto","background-attachment":"scroll","background-type":"","background-media":"","overlay-type":"","overlay-color":"","overlay-opacity":"","overlay-gradient":""}},"ast-content-background-meta":{"desktop":{"background-color":"var(--ast-global-color-5)","background-image":"","background-repeat":"repeat","background-position":"center center","background-size":"auto","background-attachment":"scroll","background-type":"","background-media":"","overlay-type":"","overlay-color":"","overlay-opacity":"","overlay-gradient":""},"tablet":{"background-color":"var(--ast-global-color-5)","background-image":"","background-repeat":"repeat","background-position":"center center","background-size":"auto","background-attachment":"scroll","background-type":"","background-media":"","overlay-type":"","overlay-color":"","overlay-opacity":"","overlay-gradient":""},"mobile":{"background-color":"var(--ast-global-color-5)","background-image":"","background-repeat":"repeat","background-position":"center center","background-size":"auto","background-attachment":"scroll","background-type":"","background-media":"","overlay-type":"","overlay-color":"","overlay-opacity":"","overlay-gradient":""}},"footnotes":""},"acf":[],"_links":{"self":[{"href":"https:\/\/sigalsub.it\/es\/wp-json\/wp\/v2\/pages\/5400"}],"collection":[{"href":"https:\/\/sigalsub.it\/es\/wp-json\/wp\/v2\/pages"}],"about":[{"href":"https:\/\/sigalsub.it\/es\/wp-json\/wp\/v2\/types\/page"}],"author":[{"embeddable":true,"href":"https:\/\/sigalsub.it\/es\/wp-json\/wp\/v2\/users\/2"}],"replies":[{"embeddable":true,"href":"https:\/\/sigalsub.it\/es\/wp-json\/wp\/v2\/comments?post=5400"}],"version-history":[{"count":1,"href":"https:\/\/sigalsub.it\/es\/wp-json\/wp\/v2\/pages\/5400\/revisions"}],"predecessor-version":[{"id":5414,"href":"https:\/\/sigalsub.it\/es\/wp-json\/wp\/v2\/pages\/5400\/revisions\/5414"}],"up":[{"embeddable":true,"href":"https:\/\/sigalsub.it\/es\/wp-json\/wp\/v2\/pages\/2436"}],"wp:attachment":[{"href":"https:\/\/sigalsub.it\/es\/wp-json\/wp\/v2\/media?parent=5400"}],"curies":[{"name":"wp","href":"https:\/\/api.w.org\/{rel}","templated":true}]}}