{"id":5069,"date":"2025-10-19T15:57:19","date_gmt":"2025-10-19T15:57:19","guid":{"rendered":"https:\/\/sigalsub.it\/?page_id=5069"},"modified":"2025-10-19T16:01:39","modified_gmt":"2025-10-19T16:01:39","slug":"mate","status":"publish","type":"page","link":"https:\/\/sigalsub.it\/fr\/prodotti\/maschere-e-aeratori\/maschere\/mate\/","title":{"rendered":"Mate"},"content":{"rendered":"\t\t<div data-elementor-type=\"wp-post\" data-elementor-id=\"5069\" class=\"elementor elementor-5069\">\n\t\t\t\t\t\t\t<div class=\"elementor-element elementor-element-6bab1540 e-flex e-con-boxed e-con e-parent\" data-id=\"6bab1540\" data-element_type=\"container\" data-settings=\"{&quot;container_type&quot;:&quot;flex&quot;,&quot;content_width&quot;:&quot;boxed&quot;}\" data-core-v316-plus=\"true\">\n\t\t\t\t\t<div class=\"e-con-inner\">\n\t\t\t\t<div class=\"elementor-element elementor-element-8eda659 elementor-widget elementor-widget-global elementor-global-1202 elementor-widget-breadcrumbs\" data-id=\"8eda659\" data-element_type=\"widget\" data-widget_type=\"breadcrumbs.default\">\n\t\t\t\t<div class=\"elementor-widget-container\">\n\t\t\t<link rel=\"stylesheet\" href=\"https:\/\/sigalsub.it\/wp-content\/plugins\/elementor-pro\/assets\/css\/widget-theme-elements.min.css\"><p id=\"breadcrumbs\"><span><span><a href=\"https:\/\/sigalsub.it\/\">Home<\/a><\/span><\/span><\/p>\t\t<\/div>\n\t\t\t\t<\/div>\n\t\t\t\t\t<\/div>\n\t\t\t\t<\/div>\n\t\t<div class=\"elementor-element elementor-element-e9f93b8 e-grid e-con-boxed e-con e-child\" data-id=\"e9f93b8\" data-element_type=\"container\" data-settings=\"{&quot;container_type&quot;:&quot;grid&quot;,&quot;grid_columns_grid&quot;:{&quot;unit&quot;:&quot;custom&quot;,&quot;size&quot;:&quot;3fr 2fr&quot;,&quot;sizes&quot;:[]},&quot;grid_rows_grid&quot;:{&quot;unit&quot;:&quot;fr&quot;,&quot;size&quot;:1,&quot;sizes&quot;:[]},&quot;grid_columns_grid_tablet&quot;:{&quot;unit&quot;:&quot;custom&quot;,&quot;size&quot;:&quot;1fr&quot;,&quot;sizes&quot;:[]},&quot;grid_columns_grid_mobile&quot;:{&quot;unit&quot;:&quot;custom&quot;,&quot;size&quot;:&quot;1fr&quot;,&quot;sizes&quot;:[]},&quot;content_width&quot;:&quot;boxed&quot;,&quot;grid_outline&quot;:&quot;yes&quot;,&quot;grid_columns_grid_widescreen&quot;:{&quot;unit&quot;:&quot;fr&quot;,&quot;size&quot;:&quot;&quot;,&quot;sizes&quot;:[]},&quot;grid_columns_grid_laptop&quot;:{&quot;unit&quot;:&quot;fr&quot;,&quot;size&quot;:&quot;&quot;,&quot;sizes&quot;:[]},&quot;grid_rows_grid_widescreen&quot;:{&quot;unit&quot;:&quot;fr&quot;,&quot;size&quot;:&quot;&quot;,&quot;sizes&quot;:[]},&quot;grid_rows_grid_laptop&quot;:{&quot;unit&quot;:&quot;fr&quot;,&quot;size&quot;:&quot;&quot;,&quot;sizes&quot;:[]},&quot;grid_rows_grid_tablet&quot;:{&quot;unit&quot;:&quot;fr&quot;,&quot;size&quot;:&quot;&quot;,&quot;sizes&quot;:[]},&quot;grid_rows_grid_mobile&quot;:{&quot;unit&quot;:&quot;fr&quot;,&quot;size&quot;:&quot;&quot;,&quot;sizes&quot;:[]},&quot;grid_auto_flow&quot;:&quot;row&quot;,&quot;grid_auto_flow_widescreen&quot;:&quot;row&quot;,&quot;grid_auto_flow_laptop&quot;:&quot;row&quot;,&quot;grid_auto_flow_tablet&quot;:&quot;row&quot;,&quot;grid_auto_flow_mobile&quot;:&quot;row&quot;}\">\n\t\t\t\t\t<div class=\"e-con-inner\">\n\t\t<div class=\"elementor-element elementor-element-6d04001 e-flex e-con-boxed e-con e-child\" data-id=\"6d04001\" data-element_type=\"container\" data-settings=\"{&quot;container_type&quot;:&quot;flex&quot;,&quot;content_width&quot;:&quot;boxed&quot;}\">\n\t\t\t\t\t<div class=\"e-con-inner\">\n\t\t\t\t<div class=\"elementor-element elementor-element-6c2c2fd elementor-widget elementor-widget-image\" data-id=\"6c2c2fd\" data-element_type=\"widget\" data-widget_type=\"image.default\">\n\t\t\t\t<div class=\"elementor-widget-container\">\n\t\t\t<style>\/*! elementor - v3.18.0 - 06-12-2023 *\/\n.elementor-widget-image{text-align:center}.elementor-widget-image a{display:inline-block}.elementor-widget-image a img[src$=\".svg\"]{width:48px}.elementor-widget-image img{vertical-align:middle;display:inline-block}<\/style>\t\t\t\t\t\t\t\t\t\t\t\t\t<a href=\"https:\/\/sigalsub.it\/wp-content\/uploads\/2024\/03\/mate_metal_red.jpg\" data-elementor-open-lightbox=\"yes\" data-elementor-lightbox-title=\"SigalSub Mate\" data-e-action-hash=\"#elementor-action%3Aaction%3Dlightbox%26settings%3DeyJpZCI6MjcxMSwidXJsIjoiaHR0cHM6XC9cL3NpZ2Fsc3ViLml0XC93cC1jb250ZW50XC91cGxvYWRzXC8yMDI0XC8wM1wvbWF0ZV9tZXRhbF9yZWQuanBnIn0%3D\">\n\t\t\t\t\t\t\t<img fetchpriority=\"high\" decoding=\"async\" width=\"1600\" height=\"900\" src=\"https:\/\/sigalsub.it\/wp-content\/uploads\/2024\/03\/mate_metal_red.jpg\" class=\"attachment-full size-full wp-image-2711\" alt=\"\" srcset=\"https:\/\/sigalsub.it\/wp-content\/uploads\/2024\/03\/mate_metal_red.jpg 1600w, https:\/\/sigalsub.it\/wp-content\/uploads\/2024\/03\/mate_metal_red-300x169.jpg 300w, https:\/\/sigalsub.it\/wp-content\/uploads\/2024\/03\/mate_metal_red-1024x576.jpg 1024w, https:\/\/sigalsub.it\/wp-content\/uploads\/2024\/03\/mate_metal_red-768x432.jpg 768w, https:\/\/sigalsub.it\/wp-content\/uploads\/2024\/03\/mate_metal_red-1536x864.jpg 1536w, https:\/\/sigalsub.it\/wp-content\/uploads\/2024\/03\/mate_metal_red-18x10.jpg 18w\" sizes=\"(max-width: 1600px) 100vw, 1600px\" \/>\t\t\t\t\t\t\t\t<\/a>\n\t\t\t\t\t\t\t\t\t\t\t\t\t\t\t<\/div>\n\t\t\t\t<\/div>\n\t\t\t\t\t<\/div>\n\t\t\t\t<\/div>\n\t\t<div class=\"elementor-element elementor-element-9ed23d3 e-flex e-con-boxed e-con e-child\" data-id=\"9ed23d3\" data-element_type=\"container\" data-settings=\"{&quot;container_type&quot;:&quot;flex&quot;,&quot;content_width&quot;:&quot;boxed&quot;}\">\n\t\t\t\t\t<div class=\"e-con-inner\">\n\t\t<div class=\"elementor-element elementor-element-080bc5f e-flex e-con-boxed e-con e-child\" data-id=\"080bc5f\" data-element_type=\"container\" data-settings=\"{&quot;container_type&quot;:&quot;flex&quot;,&quot;content_width&quot;:&quot;boxed&quot;}\">\n\t\t\t\t\t<div class=\"e-con-inner\">\n\t\t\t\t<div class=\"elementor-element elementor-element-9f99de1 elementor-widget elementor-widget-heading\" data-id=\"9f99de1\" data-element_type=\"widget\" data-widget_type=\"heading.default\">\n\t\t\t\t<div class=\"elementor-widget-container\">\n\t\t\t<style>\/*! elementor - v3.18.0 - 06-12-2023 *\/\n.elementor-heading-title{padding:0;margin:0;line-height:1}.elementor-widget-heading .elementor-heading-title[class*=elementor-size-]>a{color:inherit;font-size:inherit;line-height:inherit}.elementor-widget-heading .elementor-heading-title.elementor-size-small{font-size:15px}.elementor-widget-heading .elementor-heading-title.elementor-size-medium{font-size:19px}.elementor-widget-heading .elementor-heading-title.elementor-size-large{font-size:29px}.elementor-widget-heading .elementor-heading-title.elementor-size-xl{font-size:39px}.elementor-widget-heading .elementor-heading-title.elementor-size-xxl{font-size:59px}<\/style><h2 class=\"elementor-heading-title elementor-size-default\">Mate<\/h2>\t\t<\/div>\n\t\t\t\t<\/div>\n\t\t\t\t\t<\/div>\n\t\t\t\t<\/div>\n\t\t\t\t<div class=\"elementor-element elementor-element-bc6a2a5 elementor-widget elementor-widget-text-editor\" data-id=\"bc6a2a5\" data-element_type=\"widget\" data-widget_type=\"text-editor.default\">\n\t\t\t\t<div class=\"elementor-widget-container\">\n\t\t\t<style>\/*! elementor - v3.18.0 - 06-12-2023 *\/\n.elementor-widget-text-editor.elementor-drop-cap-view-stacked .elementor-drop-cap{background-color:#69727d;color:#fff}.elementor-widget-text-editor.elementor-drop-cap-view-framed .elementor-drop-cap{color:#69727d;border:3px solid;background-color:transparent}.elementor-widget-text-editor:not(.elementor-drop-cap-view-default) .elementor-drop-cap{margin-top:8px}.elementor-widget-text-editor:not(.elementor-drop-cap-view-default) .elementor-drop-cap-letter{width:1em;height:1em}.elementor-widget-text-editor .elementor-drop-cap{float:left;text-align:center;line-height:1;font-size:50px}.elementor-widget-text-editor .elementor-drop-cap-letter{display:inline-block}<\/style>\t\t\t\t<ul><li>Maschera con telaio compatta<\/li><li>Adattabile bene alla maggior parte dei visi<\/li><li>Diverse colorazioni<\/li><li>Ampio campo visivo<\/li><li>Versione White adatta per apnea<\/li><\/ul>\t\t\t\t\t\t<\/div>\n\t\t\t\t<\/div>\n\t\t\t\t\t<\/div>\n\t\t\t\t<\/div>\n\t\t\t\t\t<\/div>\n\t\t\t\t<\/div>\n\t\t<div class=\"elementor-element elementor-element-ec821a7 e-con-full e-flex e-con e-parent\" data-id=\"ec821a7\" data-element_type=\"container\" data-settings=\"{&quot;content_width&quot;:&quot;full&quot;,&quot;container_type&quot;:&quot;flex&quot;}\" data-core-v316-plus=\"true\">\n\t\t\t\t<div class=\"elementor-element elementor-element-4d8aca6 elementor-arrows-position-inside elementor-widget elementor-widget-image-carousel\" data-id=\"4d8aca6\" data-element_type=\"widget\" data-settings=\"{&quot;slides_to_show&quot;:&quot;3&quot;,&quot;slides_to_scroll&quot;:&quot;1&quot;,&quot;navigation&quot;:&quot;arrows&quot;,&quot;lazyload&quot;:&quot;yes&quot;,&quot;autoplay&quot;:&quot;no&quot;,&quot;infinite&quot;:&quot;no&quot;,&quot;image_spacing_custom&quot;:{&quot;unit&quot;:&quot;px&quot;,&quot;size&quot;:16,&quot;sizes&quot;:[]},&quot;image_spacing_custom_laptop&quot;:{&quot;unit&quot;:&quot;rem&quot;,&quot;size&quot;:&quot;&quot;,&quot;sizes&quot;:[]},&quot;image_spacing_custom_tablet&quot;:{&quot;unit&quot;:&quot;rem&quot;,&quot;size&quot;:&quot;&quot;,&quot;sizes&quot;:[]},&quot;image_spacing_custom_mobile&quot;:{&quot;unit&quot;:&quot;rem&quot;,&quot;size&quot;:&quot;&quot;,&quot;sizes&quot;:[]},&quot;speed&quot;:500,&quot;image_spacing_custom_widescreen&quot;:{&quot;unit&quot;:&quot;px&quot;,&quot;size&quot;:&quot;&quot;,&quot;sizes&quot;:[]}}\" data-widget_type=\"image-carousel.default\">\n\t\t\t\t<div class=\"elementor-widget-container\">\n\t\t\t<style>\/*! elementor - v3.18.0 - 06-12-2023 *\/\n.elementor-widget-image-carousel .swiper,.elementor-widget-image-carousel .swiper-container{position:static}.elementor-widget-image-carousel .swiper-container .swiper-slide figure,.elementor-widget-image-carousel .swiper .swiper-slide figure{line-height:inherit}.elementor-widget-image-carousel .swiper-slide{text-align:center}.elementor-image-carousel-wrapper:not(.swiper-container-initialized):not(.swiper-initialized) .swiper-slide{max-width:calc(100% \/ var(--e-image-carousel-slides-to-show, 3))}<\/style>\t\t<div class=\"elementor-image-carousel-wrapper swiper\" dir=\"ltr\">\n\t\t\t<div class=\"elementor-image-carousel swiper-wrapper swiper-image-stretch\" aria-live=\"polite\">\n\t\t\t\t\t\t\t\t<div class=\"swiper-slide\" role=\"group\" aria-roledescription=\"slide\" aria-label=\"1 sur 6\"><a data-elementor-open-lightbox=\"yes\" data-elementor-lightbox-slideshow=\"4d8aca6\" data-elementor-lightbox-title=\"SigalSub Mate\" data-e-action-hash=\"#elementor-action%3Aaction%3Dlightbox%26settings%3DeyJpZCI6MjcxNCwidXJsIjoiaHR0cHM6XC9cL3NpZ2Fsc3ViLml0XC93cC1jb250ZW50XC91cGxvYWRzXC8yMDI0XC8wM1wvbWF0ZV9nb3Byby5qcGciLCJzbGlkZXNob3ciOiI0ZDhhY2E2In0%3D\" href=\"https:\/\/sigalsub.it\/wp-content\/uploads\/2024\/03\/mate_gopro.jpg\"><figure class=\"swiper-slide-inner\"><img class=\"swiper-slide-image swiper-lazy\" data-src=\"https:\/\/sigalsub.it\/wp-content\/uploads\/2024\/03\/mate_gopro.jpg\" alt=\"SigalSub Mate\" \/><div class=\"swiper-lazy-preloader\"><\/div><\/figure><\/a><\/div><div class=\"swiper-slide\" role=\"group\" aria-roledescription=\"slide\" aria-label=\"2 sur 6\"><a data-elementor-open-lightbox=\"yes\" data-elementor-lightbox-slideshow=\"4d8aca6\" data-elementor-lightbox-title=\"SigalSub Mate\" data-e-action-hash=\"#elementor-action%3Aaction%3Dlightbox%26settings%3DeyJpZCI6MjcxMSwidXJsIjoiaHR0cHM6XC9cL3NpZ2Fsc3ViLml0XC93cC1jb250ZW50XC91cGxvYWRzXC8yMDI0XC8wM1wvbWF0ZV9tZXRhbF9yZWQuanBnIiwic2xpZGVzaG93IjoiNGQ4YWNhNiJ9\" href=\"https:\/\/sigalsub.it\/wp-content\/uploads\/2024\/03\/mate_metal_red.jpg\"><figure class=\"swiper-slide-inner\"><img class=\"swiper-slide-image swiper-lazy\" data-src=\"https:\/\/sigalsub.it\/wp-content\/uploads\/2024\/03\/mate_metal_red.jpg\" alt=\"SigalSub Mate\" \/><div class=\"swiper-lazy-preloader\"><\/div><\/figure><\/a><\/div><div class=\"swiper-slide\" role=\"group\" aria-roledescription=\"slide\" aria-label=\"3 sur 6\"><a data-elementor-open-lightbox=\"yes\" data-elementor-lightbox-slideshow=\"4d8aca6\" data-elementor-lightbox-title=\"SigalSub Mate\" data-e-action-hash=\"#elementor-action%3Aaction%3Dlightbox%26settings%3DeyJpZCI6MjcxMCwidXJsIjoiaHR0cHM6XC9cL3NpZ2Fsc3ViLml0XC93cC1jb250ZW50XC91cGxvYWRzXC8yMDI0XC8wM1wvbWF0ZV9iaWFuY2EyLmpwZyIsInNsaWRlc2hvdyI6IjRkOGFjYTYifQ%3D%3D\" href=\"https:\/\/sigalsub.it\/wp-content\/uploads\/2024\/03\/mate_bianca2.jpg\"><figure class=\"swiper-slide-inner\"><img class=\"swiper-slide-image swiper-lazy\" data-src=\"https:\/\/sigalsub.it\/wp-content\/uploads\/2024\/03\/mate_bianca2.jpg\" alt=\"SigalSub Mate\" \/><div class=\"swiper-lazy-preloader\"><\/div><\/figure><\/a><\/div><div class=\"swiper-slide\" role=\"group\" aria-roledescription=\"slide\" aria-label=\"4 sur 6\"><a data-elementor-open-lightbox=\"yes\" data-elementor-lightbox-slideshow=\"4d8aca6\" data-elementor-lightbox-title=\"SigalSub Mate\" data-e-action-hash=\"#elementor-action%3Aaction%3Dlightbox%26settings%3DeyJpZCI6MjcxMiwidXJsIjoiaHR0cHM6XC9cL3NpZ2Fsc3ViLml0XC93cC1jb250ZW50XC91cGxvYWRzXC8yMDI0XC8wM1wvbWF0ZV92ZXJkZS5qcGciLCJzbGlkZXNob3ciOiI0ZDhhY2E2In0%3D\" href=\"https:\/\/sigalsub.it\/wp-content\/uploads\/2024\/03\/mate_verde.jpg\"><figure class=\"swiper-slide-inner\"><img class=\"swiper-slide-image swiper-lazy\" data-src=\"https:\/\/sigalsub.it\/wp-content\/uploads\/2024\/03\/mate_verde.jpg\" alt=\"SigalSub Mate\" \/><div class=\"swiper-lazy-preloader\"><\/div><\/figure><\/a><\/div><div class=\"swiper-slide\" role=\"group\" aria-roledescription=\"slide\" aria-label=\"5 sur 6\"><a data-elementor-open-lightbox=\"yes\" data-elementor-lightbox-slideshow=\"4d8aca6\" data-elementor-lightbox-title=\"SigalSub Mate\" data-e-action-hash=\"#elementor-action%3Aaction%3Dlightbox%26settings%3DeyJpZCI6MjcxMywidXJsIjoiaHR0cHM6XC9cL3NpZ2Fsc3ViLml0XC93cC1jb250ZW50XC91cGxvYWRzXC8yMDI0XC8wM1wvbWF0ZV9uZXJhLmpwZyIsInNsaWRlc2hvdyI6IjRkOGFjYTYifQ%3D%3D\" href=\"https:\/\/sigalsub.it\/wp-content\/uploads\/2024\/03\/mate_nera.jpg\"><figure class=\"swiper-slide-inner\"><img class=\"swiper-slide-image swiper-lazy\" data-src=\"https:\/\/sigalsub.it\/wp-content\/uploads\/2024\/03\/mate_nera.jpg\" alt=\"SigalSub Mate\" \/><div class=\"swiper-lazy-preloader\"><\/div><\/figure><\/a><\/div><div class=\"swiper-slide\" role=\"group\" aria-roledescription=\"slide\" aria-label=\"6 sur 6\"><a data-elementor-open-lightbox=\"yes\" data-elementor-lightbox-slideshow=\"4d8aca6\" data-elementor-lightbox-title=\"SigalSub Mate\" data-e-action-hash=\"#elementor-action%3Aaction%3Dlightbox%26settings%3DeyJpZCI6MjcxNSwidXJsIjoiaHR0cHM6XC9cL3NpZ2Fsc3ViLml0XC93cC1jb250ZW50XC91cGxvYWRzXC8yMDI0XC8wM1wvbWF0ZV9tYXJyb25lXy5qcGciLCJzbGlkZXNob3ciOiI0ZDhhY2E2In0%3D\" href=\"https:\/\/sigalsub.it\/wp-content\/uploads\/2024\/03\/mate_marrone_.jpg\"><figure class=\"swiper-slide-inner\"><img class=\"swiper-slide-image swiper-lazy\" data-src=\"https:\/\/sigalsub.it\/wp-content\/uploads\/2024\/03\/mate_marrone_.jpg\" alt=\"SigalSub Mate\" \/><div class=\"swiper-lazy-preloader\"><\/div><\/figure><\/a><\/div>\t\t\t<\/div>\n\t\t\t\t\t\t\t\t\t\t\t\t<div class=\"elementor-swiper-button elementor-swiper-button-prev\" role=\"button\" tabindex=\"0\">\n\t\t\t\t\t\t<i aria-hidden=\"true\" class=\"eicon-chevron-left\"><\/i>\t\t\t\t\t<\/div>\n\t\t\t\t\t<div class=\"elementor-swiper-button elementor-swiper-button-next\" role=\"button\" tabindex=\"0\">\n\t\t\t\t\t\t<i aria-hidden=\"true\" class=\"eicon-chevron-right\"><\/i>\t\t\t\t\t<\/div>\n\t\t\t\t\n\t\t\t\t\t\t\t\t\t<\/div>\n\t\t\t\t<\/div>\n\t\t\t\t<\/div>\n\t\t\t\t<\/div>\n\t\t<div class=\"elementor-element elementor-element-ab9bc8d e-flex e-con-boxed e-con e-child\" data-id=\"ab9bc8d\" data-element_type=\"container\" data-settings=\"{&quot;container_type&quot;:&quot;flex&quot;,&quot;content_width&quot;:&quot;boxed&quot;}\">\n\t\t\t\t\t<div class=\"e-con-inner\">\n\t\t\t\t<div class=\"elementor-element elementor-element-61ae27e elementor-widget elementor-widget-text-editor\" data-id=\"61ae27e\" data-element_type=\"widget\" data-widget_type=\"text-editor.default\">\n\t\t\t\t<div class=\"elementor-widget-container\">\n\t\t\t\t\t\t\t<p>La maschera <b>Sigalsub Mate<\/b> \u00e8 una maschera con telaio, sempre compatta ma meno estrema della maschere frameless. Si adatta facilmente alla maggior parte dei visi.<\/p><p><span style=\"font-style: inherit; font-weight: inherit;\">La Mate \u00e8 realizzata con in <\/span><b style=\"font-style: inherit;\">diverse colorazioni<\/b><span style=\"font-style: inherit; font-weight: inherit;\">: telaio rosso e silicone del facciale nero, telaio nero e silicone del facciale nero, telaio marrone e nero con silicone del facciale marrone, e telaio verde e nero con silicone del facciale verde, telaio bianco e silicone del facciale bianco. Il silicone in tutte le versioni \u00e8 opaco antiriflesso.<\/span><\/p><p><span style=\"font-style: inherit; font-weight: inherit;\">La nuova maschera <\/span><b style=\"font-style: inherit;\">Mate WHITE<\/b><span style=\"font-style: inherit; font-weight: inherit;\"> \u00e8 il modello da apnea \u201c<\/span><b style=\"font-style: inherit;\">doppio vetro<\/b><span style=\"font-style: inherit; font-weight: inherit;\">\u201d caratterizzato dal facciale in morbido silicone anallergico di colore bianco che permette un\u2019alta visibilit\u00e0 e riconoscimento durante le sessioni di apnea. Il volume interno \u00e8 ridotto mentre il campo visivo \u00e8 ampio grazie alle lenti molto grandi e vicine agli occhi. Queste caratteristiche rendono la maschera Mate WHITE particolarmente adatta agli apneisti.<\/span><\/p><p><span style=\"font-style: inherit; font-weight: inherit;\">La Mate \u00e8 anche disponibile nella versione completamente nera con <\/span><b style=\"font-style: inherit;\">supporto GoPro integrato<\/b><span style=\"font-style: inherit; font-weight: inherit;\">.<\/span><\/p>\t\t\t\t\t\t<\/div>\n\t\t\t\t<\/div>\n\t\t\t\t\t<\/div>\n\t\t\t\t<\/div>\n\t\t\t\t\t\t\t<\/div>\n\t\t","protected":false},"excerpt":{"rendered":"<p>Mate Maschera con telaio compatta Adattabile bene alla maggior parte dei visi Diverse colorazioni Ampio campo visivo Versione White adatta per apnea La maschera Sigalsub Mate \u00e8 una maschera con telaio, sempre compatta ma meno estrema della maschere frameless. Si adatta facilmente alla maggior parte dei visi. La Mate \u00e8 realizzata con in diverse colorazioni: [&hellip;]<\/p>\n","protected":false},"author":2,"featured_media":0,"parent":2735,"menu_order":2,"comment_status":"closed","ping_status":"closed","template":"","meta":{"_acf_changed":false,"site-sidebar-layout":"no-sidebar","site-content-layout":"page-builder","ast-site-content-layout":"","site-content-style":"default","site-sidebar-style":"default","ast-global-header-display":"","ast-banner-title-visibility":"","ast-main-header-display":"","ast-hfb-above-header-display":"","ast-hfb-below-header-display":"","ast-hfb-mobile-header-display":"","site-post-title":"disabled","ast-breadcrumbs-content":"","ast-featured-img":"disabled","footer-sml-layout":"","theme-transparent-header-meta":"default","adv-header-id-meta":"","stick-header-meta":"default","header-above-stick-meta":"","header-main-stick-meta":"","header-below-stick-meta":"","astra-migrate-meta-layouts":"default","ast-page-background-enabled":"default","ast-page-background-meta":{"desktop":{"background-color":"var(--ast-global-color-4)","background-image":"","background-repeat":"repeat","background-position":"center center","background-size":"auto","background-attachment":"scroll","background-type":"","background-media":"","overlay-type":"","overlay-color":"","overlay-opacity":"","overlay-gradient":""},"tablet":{"background-color":"","background-image":"","background-repeat":"repeat","background-position":"center center","background-size":"auto","background-attachment":"scroll","background-type":"","background-media":"","overlay-type":"","overlay-color":"","overlay-opacity":"","overlay-gradient":""},"mobile":{"background-color":"","background-image":"","background-repeat":"repeat","background-position":"center center","background-size":"auto","background-attachment":"scroll","background-type":"","background-media":"","overlay-type":"","overlay-color":"","overlay-opacity":"","overlay-gradient":""}},"ast-content-background-meta":{"desktop":{"background-color":"var(--ast-global-color-5)","background-image":"","background-repeat":"repeat","background-position":"center center","background-size":"auto","background-attachment":"scroll","background-type":"","background-media":"","overlay-type":"","overlay-color":"","overlay-opacity":"","overlay-gradient":""},"tablet":{"background-color":"var(--ast-global-color-5)","background-image":"","background-repeat":"repeat","background-position":"center center","background-size":"auto","background-attachment":"scroll","background-type":"","background-media":"","overlay-type":"","overlay-color":"","overlay-opacity":"","overlay-gradient":""},"mobile":{"background-color":"var(--ast-global-color-5)","background-image":"","background-repeat":"repeat","background-position":"center center","background-size":"auto","background-attachment":"scroll","background-type":"","background-media":"","overlay-type":"","overlay-color":"","overlay-opacity":"","overlay-gradient":""}},"footnotes":""},"acf":[],"_links":{"self":[{"href":"https:\/\/sigalsub.it\/fr\/wp-json\/wp\/v2\/pages\/5069"}],"collection":[{"href":"https:\/\/sigalsub.it\/fr\/wp-json\/wp\/v2\/pages"}],"about":[{"href":"https:\/\/sigalsub.it\/fr\/wp-json\/wp\/v2\/types\/page"}],"author":[{"embeddable":true,"href":"https:\/\/sigalsub.it\/fr\/wp-json\/wp\/v2\/users\/2"}],"replies":[{"embeddable":true,"href":"https:\/\/sigalsub.it\/fr\/wp-json\/wp\/v2\/comments?post=5069"}],"version-history":[{"count":1,"href":"https:\/\/sigalsub.it\/fr\/wp-json\/wp\/v2\/pages\/5069\/revisions"}],"predecessor-version":[{"id":5076,"href":"https:\/\/sigalsub.it\/fr\/wp-json\/wp\/v2\/pages\/5069\/revisions\/5076"}],"up":[{"embeddable":true,"href":"https:\/\/sigalsub.it\/fr\/wp-json\/wp\/v2\/pages\/2735"}],"wp:attachment":[{"href":"https:\/\/sigalsub.it\/fr\/wp-json\/wp\/v2\/media?parent=5069"}],"curies":[{"name":"wp","href":"https:\/\/api.w.org\/{rel}","templated":true}]}}